{"id":1690,"date":"2025-05-13T21:02:13","date_gmt":"2025-05-14T03:02:13","guid":{"rendered":"https:\/\/www.infoviendoporelmundoac.com\/?page_id=1690"},"modified":"2025-06-10T00:13:03","modified_gmt":"2025-06-10T06:13:03","slug":"colombia","status":"publish","type":"page","link":"https:\/\/www.infoviendoporelmundoac.com\/en\/colombia\/","title":{"rendered":"Colombia"},"content":{"rendered":"<div class=\"wp-block-columns is-layout-flex wp-container-core-columns-is-layout-28f84493 wp-block-columns-is-layout-flex\">\n<div class=\"wp-block-column is-layout-flow wp-block-column-is-layout-flow\">\n<ul class=\"wp-block-list\">\n<li>Pasto Nari\u00f1o<\/li>\n\n\n\n<li>San Jos\u00e9 de C\u00facuta<\/li>\n\n\n\n<li>Santander<\/li>\n<\/ul>\n<\/div>\n\n\n\n<div class=\"wp-block-column is-layout-flow wp-block-column-is-layout-flow\"><\/div>\n\n\n\n<div class=\"wp-block-column is-layout-flow wp-block-column-is-layout-flow\"><\/div>\n<\/div>\n\n\n\n<hr class=\"wp-block-separator has-alpha-channel-opacity is-style-wide\"\/>\n\n\n\n<h2 class=\"wp-block-heading\">Pasto Nari\u00f1o<\/h2>\n\n\n\n<div class=\"wp-block-columns is-layout-flex wp-container-core-columns-is-layout-28f84493 wp-block-columns-is-layout-flex\">\n<div class=\"wp-block-column is-layout-flow wp-block-column-is-layout-flow\">\n<figure class=\"wp-block-image size-full\"><img decoding=\"async\" src=\"https:\/\/viendoporelmundoac.com\/wp-content\/uploads\/2022\/04\/certificado.jpg\" alt=\"\" class=\"wp-image-597\"\/><figcaption class=\"wp-element-caption\"><strong>Enna Yolanda Cabrera Alvarado<\/strong><br><em>Instructor<\/em><br><em>Estado:&nbsp;<strong>Colombia<\/strong><\/em><br><em>Ciudad:&nbsp;<strong>Colombia<\/strong><\/em><br><em>Tel\u00e9fono:&nbsp;<strong><a href=\"tel:573154149529\">573154149529<\/a><\/strong><\/em><br><em>Correo:&nbsp;<\/em><strong><em><a href=\"mailto:enyoca@hotmail.com\">enyoca@hotmail.com<\/a><\/em><\/strong><br><em>Registro:&nbsp;<strong>I00996<\/strong><\/em><\/figcaption><\/figure>\n<\/div>\n\n\n\n<div class=\"wp-block-column is-layout-flow wp-block-column-is-layout-flow\"><\/div>\n\n\n\n<div class=\"wp-block-column is-layout-flow wp-block-column-is-layout-flow\"><\/div>\n<\/div>\n\n\n\n<hr class=\"wp-block-separator has-alpha-channel-opacity is-style-wide\"\/>\n\n\n\n<h2 class=\"wp-block-heading\">San Jos\u00e9 de C\u00facuta<\/h2>\n\n\n\n<div class=\"wp-block-columns is-layout-flex wp-container-core-columns-is-layout-28f84493 wp-block-columns-is-layout-flex\">\n<div class=\"wp-block-column is-layout-flow wp-block-column-is-layout-flow\">\n<figure class=\"wp-block-image size-full\"><img decoding=\"async\" src=\"https:\/\/viendoporelmundoac.com\/wp-content\/uploads\/2022\/04\/certificado.jpg\" alt=\"\" class=\"wp-image-597\"\/><figcaption class=\"wp-element-caption\"><strong>Liliana Elena Rodr\u00edguez Pel\u00e1ez<\/strong><br><em>Instructor<\/em><br><em>Estado:&nbsp;<strong>Colombia<\/strong><\/em><br><em>Ciudad:&nbsp;<strong>San Jos\u00e9 de C\u00facuta<\/strong><\/em><br><em>Tel\u00e9fono:&nbsp;<strong><a href=\"tel:573158954489\">573158954489<\/a><\/strong><\/em><br><em>Correo:&nbsp;<\/em><strong><em><a href=\"mailto:lirope_27@hotmail.com\">lirope_27@hotmail.com<\/a><\/em><\/strong><br><em>Registro:&nbsp;<strong>I01331<\/strong><\/em><\/figcaption><\/figure>\n<\/div>\n\n\n\n<div class=\"wp-block-column is-layout-flow wp-block-column-is-layout-flow\"><\/div>\n\n\n\n<div class=\"wp-block-column is-layout-flow wp-block-column-is-layout-flow\"><\/div>\n<\/div>\n\n\n\n<hr class=\"wp-block-separator has-alpha-channel-opacity is-style-wide\"\/>\n\n\n\n<h2 class=\"wp-block-heading\">Santander<\/h2>\n\n\n\n<div class=\"wp-block-columns is-layout-flex wp-container-core-columns-is-layout-28f84493 wp-block-columns-is-layout-flex\">\n<div class=\"wp-block-column is-layout-flow wp-block-column-is-layout-flow\">\n<figure class=\"wp-block-image size-full\"><img decoding=\"async\" src=\"https:\/\/viendoporelmundoac.com\/wp-content\/uploads\/2022\/04\/certificado.jpg\" alt=\"\" class=\"wp-image-597\"\/><figcaption class=\"wp-element-caption\"><strong>Wilson Colmenares Suarez<\/strong><br><em>Instructor<\/em><br><em>Estado:&nbsp;<strong>Colombia<\/strong><\/em><br><em>Ciudad:&nbsp;<strong>Santander<\/strong><\/em><br><em>Tel\u00e9fono:&nbsp;<strong><a href=\"tel:3107590271\">3107590271<\/a><\/strong><\/em><br><em>Correo:&nbsp;<\/em><strong><em><a href=\"mailto:wcs_junior2@hotmail.com\">wcs_junior2@hotmail.com<\/a><\/em><\/strong><br><em>Registro:&nbsp;<strong>I01332<\/strong><\/em><\/figcaption><\/figure>\n<\/div>\n\n\n\n<div class=\"wp-block-column is-layout-flow wp-block-column-is-layout-flow\"><\/div>\n\n\n\n<div class=\"wp-block-column is-layout-flow wp-block-column-is-layout-flow\"><\/div>\n<\/div>","protected":false},"excerpt":{"rendered":"<p>Pasto Nari\u00f1o San Jos\u00e9 de C\u00facuta Santander<\/p>","protected":false},"author":1,"featured_media":0,"parent":0,"menu_order":0,"comment_status":"closed","ping_status":"closed","template":"","meta":{"site-sidebar-layout":"default","site-content-layout":"","ast-site-content-layout":"default","site-content-style":"default","site-sidebar-style":"default","ast-global-header-display":"","ast-banner-title-visibility":"","ast-main-header-display":"","ast-hfb-above-header-display":"","ast-hfb-below-header-display":"","ast-hfb-mobile-header-display":"","site-post-title":"","ast-breadcrumbs-content":"","ast-featured-img":"","footer-sml-layout":"","theme-transparent-header-meta":"","adv-header-id-meta":"","stick-header-meta":"","header-above-stick-meta":"","header-main-stick-meta":"","header-below-stick-meta":"","astra-migrate-meta-layouts":"set","ast-page-background-enabled":"default","ast-page-background-meta":{"desktop":{"background-color":"var(--ast-global-color-4)","background-image":"","background-repeat":"repeat","background-position":"center center","background-size":"auto","background-attachment":"scroll","background-type":"","background-media":"","overlay-type":"","overlay-color":"","overlay-opacity":"","overlay-gradient":""},"tablet":{"background-color":"","background-image":"","background-repeat":"repeat","background-position":"center center","background-size":"auto","background-attachment":"scroll","background-type":"","background-media":"","overlay-type":"","overlay-color":"","overlay-opacity":"","overlay-gradient":""},"mobile":{"background-color":"","background-image":"","background-repeat":"repeat","background-position":"center center","background-size":"auto","background-attachment":"scroll","background-type":"","background-media":"","overlay-type":"","overlay-color":"","overlay-opacity":"","overlay-gradient":""}},"ast-content-background-meta":{"desktop":{"background-color":"var(--ast-global-color-5)","background-image":"","background-repeat":"repeat","background-position":"center center","background-size":"auto","background-attachment":"scroll","background-type":"","background-media":"","overlay-type":"","overlay-color":"","overlay-opacity":"","overlay-gradient":""},"tablet":{"background-color":"var(--ast-global-color-5)","background-image":"","background-repeat":"repeat","background-position":"center center","background-size":"auto","background-attachment":"scroll","background-type":"","background-media":"","overlay-type":"","overlay-color":"","overlay-opacity":"","overlay-gradient":""},"mobile":{"background-color":"var(--ast-global-color-5)","background-image":"","background-repeat":"repeat","background-position":"center center","background-size":"auto","background-attachment":"scroll","background-type":"","background-media":"","overlay-type":"","overlay-color":"","overlay-opacity":"","overlay-gradient":""}},"footnotes":""},"class_list":["post-1690","page","type-page","status-publish","hentry"],"_links":{"self":[{"href":"https:\/\/www.infoviendoporelmundoac.com\/en\/wp-json\/wp\/v2\/pages\/1690","targetHints":{"allow":["GET"]}}],"collection":[{"href":"https:\/\/www.infoviendoporelmundoac.com\/en\/wp-json\/wp\/v2\/pages"}],"about":[{"href":"https:\/\/www.infoviendoporelmundoac.com\/en\/wp-json\/wp\/v2\/types\/page"}],"author":[{"embeddable":true,"href":"https:\/\/www.infoviendoporelmundoac.com\/en\/wp-json\/wp\/v2\/users\/1"}],"replies":[{"embeddable":true,"href":"https:\/\/www.infoviendoporelmundoac.com\/en\/wp-json\/wp\/v2\/comments?post=1690"}],"version-history":[{"count":3,"href":"https:\/\/www.infoviendoporelmundoac.com\/en\/wp-json\/wp\/v2\/pages\/1690\/revisions"}],"predecessor-version":[{"id":1949,"href":"https:\/\/www.infoviendoporelmundoac.com\/en\/wp-json\/wp\/v2\/pages\/1690\/revisions\/1949"}],"wp:attachment":[{"href":"https:\/\/www.infoviendoporelmundoac.com\/en\/wp-json\/wp\/v2\/media?parent=1690"}],"curies":[{"name":"wp","href":"https:\/\/api.w.org\/{rel}","templated":true}]}}