{"id":1723,"date":"2025-05-13T21:19:08","date_gmt":"2025-05-14T03:19:08","guid":{"rendered":"https:\/\/www.infoviendoporelmundoac.com\/?page_id=1723"},"modified":"2025-10-14T21:49:33","modified_gmt":"2025-10-15T03:49:33","slug":"slovakia","status":"publish","type":"page","link":"https:\/\/www.infoviendoporelmundoac.com\/en\/slovakia\/","title":{"rendered":"Slovakia"},"content":{"rendered":"<div class=\"wp-block-columns is-layout-flex wp-container-core-columns-is-layout-28f84493 wp-block-columns-is-layout-flex\">\n<div class=\"wp-block-column is-layout-flow wp-block-column-is-layout-flow\">\n<ul class=\"wp-block-list\">\n<li>Bobrovec<\/li>\n\n\n\n<li>Bratislava<\/li>\n\n\n\n<li>Humenn\u00e9<\/li>\n\n\n\n<li>Malinovo<\/li>\n\n\n\n<li>Lutila<\/li>\n\n\n\n<li>Ru\u017einovo<\/li>\n\n\n\n<li>Senec<\/li>\n\n\n\n<li>Solo\u0161nica<\/li>\n<\/ul>\n<\/div>\n\n\n\n<div class=\"wp-block-column is-layout-flow wp-block-column-is-layout-flow\"><\/div>\n\n\n\n<div class=\"wp-block-column is-layout-flow wp-block-column-is-layout-flow\"><\/div>\n<\/div>\n\n\n\n<hr class=\"wp-block-separator has-alpha-channel-opacity is-style-wide\"\/>\n\n\n\n<h2 class=\"wp-block-heading\">Bobrovec<\/h2>\n\n\n\n<div class=\"wp-block-columns is-layout-flex wp-container-core-columns-is-layout-28f84493 wp-block-columns-is-layout-flex\">\n<div class=\"wp-block-column is-layout-flow wp-block-column-is-layout-flow\">\n<figure class=\"wp-block-image size-full is-resized\"><a href=\"tel:4491088590\"><img decoding=\"async\" src=\"https:\/\/viendoporelmundoac.com\/wp-content\/uploads\/2022\/04\/precertificado.jpg\" alt=\"\" class=\"wp-image-602\" style=\"width:210px;height:auto\"\/><\/a><figcaption class=\"wp-element-caption\"><strong>Simona Chebenov\u00e1<\/strong><br><em>Instructor<\/em><br><em>Estado:&nbsp;<strong><em><strong>Bobrovec<\/strong><\/em><\/strong><\/em><br><em>Ciudad:&nbsp;<strong>032 21<\/strong><\/em><br><em>Tel\u00e9fono:&nbsp;<strong><em><strong><a href=\"tel:421908955955\">421908955955<\/a><\/strong><\/em><\/strong><\/em><br><em>Correo:&nbsp;<\/em><strong><em><a href=\"mailto:simona.chebenova@gmail.com\">simona.chebenova@gmail.com<\/a><br><\/em><\/strong><em>Registro:&nbsp;<strong><em><strong>I01888<\/strong><\/em><\/strong><\/em><\/figcaption><\/figure>\n<\/div>\n\n\n\n<div class=\"wp-block-column is-layout-flow wp-block-column-is-layout-flow\"><\/div>\n\n\n\n<div class=\"wp-block-column is-layout-flow wp-block-column-is-layout-flow\"><\/div>\n<\/div>\n\n\n\n<hr class=\"wp-block-separator has-alpha-channel-opacity is-style-wide\"\/>\n\n\n\n<h2 class=\"wp-block-heading\">Bratislava<\/h2>\n\n\n\n<div class=\"wp-block-columns is-layout-flex wp-container-core-columns-is-layout-28f84493 wp-block-columns-is-layout-flex\">\n<div class=\"wp-block-column is-layout-flow wp-block-column-is-layout-flow\">\n<figure class=\"wp-block-image size-full\"><a href=\"tel:4491088590\"><img decoding=\"async\" src=\"https:\/\/viendoporelmundoac.com\/wp-content\/uploads\/2022\/04\/precertificado.jpg\" alt=\"\" class=\"wp-image-602\"\/><\/a><figcaption class=\"wp-element-caption\"><strong><strong>Mariana Kasperovi\u010d Trnovcov\u00e1<\/strong><\/strong><br><em>Instructor<\/em><br><em>Estado:&nbsp;<strong><em><strong>Bratislava<\/strong><\/em><\/strong><\/em><br><em>Ciudad:&nbsp;<strong>84102<\/strong><\/em><br><em>Tel\u00e9fono:&nbsp;<strong><em><strong><a href=\"tel:421903304296\">421903304296<\/a><\/strong><\/em><\/strong><\/em><br><em>Correo:&nbsp;<strong><em><strong><a href=\"mailto:mariana.k.trnovcova@gmail.com\">mariana.k.trnovcova@gmail.com<\/a><\/strong><\/em><\/strong><\/em><br><em>Registro:&nbsp;<strong><em><strong>I01690<\/strong><\/em><\/strong><\/em><\/figcaption><\/figure>\n<\/div>\n\n\n\n<div class=\"wp-block-column is-layout-flow wp-block-column-is-layout-flow\">\n<figure class=\"wp-block-image size-full\"><a href=\"tel:4491088590\"><img decoding=\"async\" src=\"https:\/\/viendoporelmundoac.com\/wp-content\/uploads\/2022\/04\/precertificado.jpg\" alt=\"\" class=\"wp-image-602\"\/><\/a><figcaption class=\"wp-element-caption\"><strong>Marcela&nbsp;Mironov<\/strong><br><em>Instructor<\/em><br><em>Estado:&nbsp;<strong><em><strong>Bratislava<\/strong><\/em><\/strong><\/em><br><em>Ciudad:&nbsp;<strong>83102<\/strong><\/em><br><em>Tel\u00e9fono:&nbsp;<strong><em><strong><a href=\"tel:421908141343\">421908141343<\/a><\/strong><\/em><\/strong><\/em><br><em>Correo:&nbsp;<\/em><a href=\"mailto:marcela.mironov@gmail.com\"><strong><em>marcela.mironov@gmail.com<\/em><\/strong><\/a><br><em>Registro:&nbsp;<strong><em><strong>I01781<\/strong><\/em><\/strong><\/em><\/figcaption><\/figure>\n<\/div>\n\n\n\n<div class=\"wp-block-column is-layout-flow wp-block-column-is-layout-flow\">\n<figure class=\"wp-block-image size-full\"><a href=\"tel:4491088590\"><img decoding=\"async\" src=\"https:\/\/viendoporelmundoac.com\/wp-content\/uploads\/2022\/04\/precertificado.jpg\" alt=\"\" class=\"wp-image-602\"\/><\/a><figcaption class=\"wp-element-caption\"><strong>Mgr. Zuzana Trepkov\u00e1<\/strong><br><em>Instructor<\/em><br><em>Estado:&nbsp;<strong><em><strong>Bratislava<\/strong><\/em><\/strong><\/em><br><em>Ciudad:&nbsp;<strong>&#8211;<\/strong><\/em><br><em>Tel\u00e9fono:&nbsp;<strong><em><strong><a href=\"tel:421908463560\">421908463560<\/a><\/strong><\/em><\/strong><\/em><br><em>Correo:&nbsp; <\/em><a href=\"mailto:zuzana.trepkova@gmail.com\"><strong><em>zuzana.trepkova@gmail.com<\/em><\/strong><\/a><br><em>Registro:&nbsp;<strong><em><strong>I01<\/strong>863<\/em><\/strong><\/em><\/figcaption><\/figure>\n<\/div>\n<\/div>\n\n\n\n<hr class=\"wp-block-separator has-alpha-channel-opacity is-style-wide\"\/>\n\n\n\n<h2 class=\"wp-block-heading\">Humenn\u00e9<\/h2>\n\n\n\n<div class=\"wp-block-columns is-layout-flex wp-container-core-columns-is-layout-28f84493 wp-block-columns-is-layout-flex\">\n<div class=\"wp-block-column is-layout-flow wp-block-column-is-layout-flow\">\n<figure class=\"wp-block-image size-full\"><img decoding=\"async\" src=\"https:\/\/viendoporelmundoac.com\/wp-content\/uploads\/2022\/04\/certificado.jpg\" alt=\"\" class=\"wp-image-597\"\/><figcaption class=\"wp-element-caption\"><strong><strong>Nat\u00e1lia Mydlov\u00e1<\/strong><\/strong><br><em>Instructor<\/em><br><em>Estado:&nbsp;<strong><em><strong><em><strong>Humenn\u00e9<\/strong><\/em><\/strong><\/em><\/strong><\/em><br><em>Ciudad:&nbsp;<strong><em><strong>6601<\/strong><\/em><\/strong><\/em><br><em>Tel\u00e9fono:&nbsp;<\/em><a href=\"tel:420777691596\"><strong><em>420777691596<\/em><\/strong><\/a><br><em>Correo:&nbsp;<\/em><a href=\"mailto:nataliamydlova@seznam.cz\">nataliamydlova@seznam.cz<\/a><br><em>Registro:&nbsp;<strong>I01747<\/strong><\/em><\/figcaption><\/figure>\n<\/div>\n\n\n\n<div class=\"wp-block-column is-layout-flow wp-block-column-is-layout-flow\"><\/div>\n\n\n\n<div class=\"wp-block-column is-layout-flow wp-block-column-is-layout-flow\"><\/div>\n<\/div>\n\n\n\n<hr class=\"wp-block-separator has-alpha-channel-opacity is-style-wide\"\/>\n\n\n\n<h2 class=\"wp-block-heading\">Malinovo<\/h2>\n\n\n\n<div class=\"wp-block-columns is-layout-flex wp-container-core-columns-is-layout-28f84493 wp-block-columns-is-layout-flex\">\n<div class=\"wp-block-column is-layout-flow wp-block-column-is-layout-flow\">\n<figure class=\"wp-block-image size-full\"><a href=\"tel:4491088590\"><img decoding=\"async\" src=\"https:\/\/viendoporelmundoac.com\/wp-content\/uploads\/2022\/04\/precertificado.jpg\" alt=\"\" class=\"wp-image-602\"\/><\/a><figcaption class=\"wp-element-caption\"><strong><strong>Eva Pekn\u00edkov\u00e1<\/strong><\/strong><br><em>Instructor<\/em><br><em>Estado:&nbsp;<strong><em><strong>Malinovo<\/strong><\/em><\/strong><\/em><br><em>Ciudad:&nbsp;<strong>90045<\/strong><\/em><br><em>Tel\u00e9fono:&nbsp;<strong><em><strong><a href=\"tel:421904348288\">421904348288<\/a><\/strong><\/em><\/strong><\/em><br><em>Correo:&nbsp;<strong><em><strong><a href=\"mailto:evabogdanyova@gmail.com\">evabogdanyova@gmail.com<\/a><\/strong><\/em><\/strong><\/em><br><em>Registro:&nbsp;<strong><em><strong>I01623<\/strong><\/em><\/strong><\/em><\/figcaption><\/figure>\n<\/div>\n\n\n\n<div class=\"wp-block-column is-layout-flow wp-block-column-is-layout-flow\"><\/div>\n\n\n\n<div class=\"wp-block-column is-layout-flow wp-block-column-is-layout-flow\"><\/div>\n<\/div>\n\n\n\n<hr class=\"wp-block-separator has-alpha-channel-opacity is-style-wide\"\/>\n\n\n\n<h2 class=\"wp-block-heading\">Lutila<\/h2>\n\n\n\n<div class=\"wp-block-columns is-layout-flex wp-container-core-columns-is-layout-28f84493 wp-block-columns-is-layout-flex\">\n<div class=\"wp-block-column is-layout-flow wp-block-column-is-layout-flow\">\n<figure class=\"wp-block-image size-full is-resized\"><a href=\"tel:4491088590\"><img decoding=\"async\" src=\"https:\/\/viendoporelmundoac.com\/wp-content\/uploads\/2022\/04\/precertificado.jpg\" alt=\"\" class=\"wp-image-602\" style=\"width:210px;height:auto\"\/><\/a><figcaption class=\"wp-element-caption\"><strong><strong>Lenka Vl\u010dekov\u00e1<\/strong><\/strong><br><em>Instructor<\/em><br><em>Estado:\u00a0<strong><em><strong>Lutila<\/strong><\/em><\/strong><\/em><br><em>Ciudad:\u00a0<strong>&#8211;<\/strong><\/em><br><em>Tel\u00e9fono:\u00a0<\/em><a href=\"tel:421904956070\"><em><strong>421904956070<\/strong><\/em><\/a><br><em>Correo:\u00a0<\/em><a href=\"mailto:vlcekova.lenka@gmail.com\"><em><strong>vlcekova.lenka@gmail.com<\/strong><\/em><\/a><br><em>Registro:\u00a0<strong><em><strong>I01933<\/strong><\/em><\/strong><\/em><\/figcaption><\/figure>\n<\/div>\n\n\n\n<div class=\"wp-block-column is-layout-flow wp-block-column-is-layout-flow\"><\/div>\n\n\n\n<div class=\"wp-block-column is-layout-flow wp-block-column-is-layout-flow\"><\/div>\n<\/div>\n\n\n\n<hr class=\"wp-block-separator has-alpha-channel-opacity is-style-wide\"\/>\n\n\n\n<h2 class=\"wp-block-heading\">Ru\u017einovo<\/h2>\n\n\n\n<div class=\"wp-block-columns is-layout-flex wp-container-core-columns-is-layout-28f84493 wp-block-columns-is-layout-flex\">\n<div class=\"wp-block-column is-layout-flow wp-block-column-is-layout-flow\">\n<figure class=\"wp-block-image size-full\"><a href=\"tel:4491088590\"><img decoding=\"async\" src=\"https:\/\/viendoporelmundoac.com\/wp-content\/uploads\/2022\/04\/precertificado.jpg\" alt=\"\" class=\"wp-image-602\"\/><\/a><figcaption class=\"wp-element-caption\"><strong><strong>Andrea Urbanov\u00e1<\/strong><\/strong><br><em>Instructor<\/em><br><em>Estado:&nbsp;<strong><em><strong>Ru\u017einovo<\/strong><\/em><\/strong><\/em><br><em>Ciudad:&nbsp;<strong>&#8211;<\/strong><\/em><br><em>Tel\u00e9fono:<\/em><strong><em>&nbsp;<\/em><\/strong><a href=\"tel:421902105743\"><em><strong>421902105743<\/strong><\/em><\/a><br><em>Correo:&nbsp;<strong><em><strong><a href=\"mailto:urbanovaandrejka@gmail.com\"><\/a><a href=\"mailto:urbanovaandrejka@gmail.com\">urbanovaandrejka@gmail.com<\/a><\/strong><\/em><\/strong><\/em><br><em>Registro:&nbsp;<strong><em><strong>I01894<\/strong><\/em><\/strong><\/em><\/figcaption><\/figure>\n<\/div>\n\n\n\n<div class=\"wp-block-column is-layout-flow wp-block-column-is-layout-flow\"><\/div>\n\n\n\n<div class=\"wp-block-column is-layout-flow wp-block-column-is-layout-flow\"><\/div>\n<\/div>\n\n\n\n<hr class=\"wp-block-separator has-alpha-channel-opacity is-style-wide\"\/>\n\n\n\n<h2 class=\"wp-block-heading\">Senec<\/h2>\n\n\n\n<div class=\"wp-block-columns is-layout-flex wp-container-core-columns-is-layout-28f84493 wp-block-columns-is-layout-flex\">\n<div class=\"wp-block-column is-layout-flow wp-block-column-is-layout-flow\">\n<figure class=\"wp-block-image size-full\"><img decoding=\"async\" src=\"https:\/\/viendoporelmundoac.com\/wp-content\/uploads\/2022\/04\/certificado.jpg\" alt=\"\" class=\"wp-image-597\"\/><figcaption class=\"wp-element-caption\"><strong><strong><strong>Silvia Holick\u00e1<\/strong><\/strong><br><\/strong><em>Instructor<\/em><br><em>Estado:&nbsp;<strong><em><strong><em><strong>Senec<\/strong><\/em><\/strong><\/em><\/strong><\/em><br><em>Ciudad:&nbsp;<strong><em><strong>90301<\/strong><\/em><\/strong><\/em><br><em>Tel\u00e9fono:&nbsp;<strong><em><strong><em><strong><a href=\"tel:421948479244\">421948479244<\/a><\/strong><\/em><\/strong><\/em><\/strong><\/em><br><em>Correo:&nbsp;<strong><a href=\"mailto:ada.mahajan@gmail.com\"><\/a><em><strong><em><strong><a href=\"mailto:terapiesrdcom@gmail.com\">terapiesrdcom@gmail.com<\/a><\/strong><\/em><\/strong><\/em><\/strong><\/em><br><em>Registro:&nbsp;<strong><em><strong><em><strong>I01631<\/strong><\/em><\/strong><\/em><\/strong><\/em><\/figcaption><\/figure>\n<\/div>\n\n\n\n<div class=\"wp-block-column is-layout-flow wp-block-column-is-layout-flow\"><\/div>\n\n\n\n<div class=\"wp-block-column is-layout-flow wp-block-column-is-layout-flow\"><\/div>\n<\/div>\n\n\n\n<hr class=\"wp-block-separator has-alpha-channel-opacity is-style-wide\"\/>\n\n\n\n<h2 class=\"wp-block-heading\">Solo\u0161nica<\/h2>\n\n\n\n<div class=\"wp-block-columns is-layout-flex wp-container-core-columns-is-layout-28f84493 wp-block-columns-is-layout-flex\">\n<div class=\"wp-block-column is-layout-flow wp-block-column-is-layout-flow\">\n<figure class=\"wp-block-image size-full\"><a href=\"tel:4491088590\"><img decoding=\"async\" src=\"https:\/\/viendoporelmundoac.com\/wp-content\/uploads\/2022\/04\/precertificado.jpg\" alt=\"\" class=\"wp-image-602\"\/><\/a><figcaption class=\"wp-element-caption\"><strong><strong>Janka \u0160i\u0161kov\u00e1<\/strong><\/strong><br><em>Instructor<\/em><br><em>Estado:&nbsp;<strong><em><strong>Solo\u0161nica<\/strong><\/em><\/strong><\/em><br><em>Ciudad:&nbsp;<strong>90637<\/strong><\/em><br><em>Tel\u00e9fono:&nbsp;<strong><em><strong><a href=\"tel:421903751756\">421903751756<\/a><\/strong><\/em><\/strong><\/em><br><em>Correo:&nbsp;<strong><em><strong><a href=\"mailto:simona.chebenova@gmail.com\">simona.chebenova@gmail.com<\/a><\/strong><\/em><\/strong><\/em><br><em>Registro:&nbsp;<strong><em><strong>I01887<\/strong><\/em><\/strong><\/em><\/figcaption><\/figure>\n<\/div>\n\n\n\n<div class=\"wp-block-column is-layout-flow wp-block-column-is-layout-flow\"><\/div>\n\n\n\n<div class=\"wp-block-column is-layout-flow wp-block-column-is-layout-flow\"><\/div>\n<\/div>","protected":false},"excerpt":{"rendered":"<p>Bobrovec Bratislava Humenn\u00e9 Malinovo Lutila Ru\u017einovo Senec Solo\u0161nica<\/p>","protected":false},"author":1,"featured_media":0,"parent":0,"menu_order":0,"comment_status":"closed","ping_status":"closed","template":"","meta":{"site-sidebar-layout":"default","site-content-layout":"","ast-site-content-layout":"default","site-content-style":"default","site-sidebar-style":"default","ast-global-header-display":"","ast-banner-title-visibility":"","ast-main-header-display":"","ast-hfb-above-header-display":"","ast-hfb-below-header-display":"","ast-hfb-mobile-header-display":"","site-post-title":"","ast-breadcrumbs-content":"","ast-featured-img":"","footer-sml-layout":"","theme-transparent-header-meta":"","adv-header-id-meta":"","stick-header-meta":"","header-above-stick-meta":"","header-main-stick-meta":"","header-below-stick-meta":"","astra-migrate-meta-layouts":"set","ast-page-background-enabled":"default","ast-page-background-meta":{"desktop":{"background-color":"var(--ast-global-color-4)","background-image":"","background-repeat":"repeat","background-position":"center center","background-size":"auto","background-attachment":"scroll","background-type":"","background-media":"","overlay-type":"","overlay-color":"","overlay-opacity":"","overlay-gradient":""},"tablet":{"background-color":"","background-image":"","background-repeat":"repeat","background-position":"center center","background-size":"auto","background-attachment":"scroll","background-type":"","background-media":"","overlay-type":"","overlay-color":"","overlay-opacity":"","overlay-gradient":""},"mobile":{"background-color":"","background-image":"","background-repeat":"repeat","background-position":"center center","background-size":"auto","background-attachment":"scroll","background-type":"","background-media":"","overlay-type":"","overlay-color":"","overlay-opacity":"","overlay-gradient":""}},"ast-content-background-meta":{"desktop":{"background-color":"var(--ast-global-color-5)","background-image":"","background-repeat":"repeat","background-position":"center center","background-size":"auto","background-attachment":"scroll","background-type":"","background-media":"","overlay-type":"","overlay-color":"","overlay-opacity":"","overlay-gradient":""},"tablet":{"background-color":"var(--ast-global-color-5)","background-image":"","background-repeat":"repeat","background-position":"center center","background-size":"auto","background-attachment":"scroll","background-type":"","background-media":"","overlay-type":"","overlay-color":"","overlay-opacity":"","overlay-gradient":""},"mobile":{"background-color":"var(--ast-global-color-5)","background-image":"","background-repeat":"repeat","background-position":"center center","background-size":"auto","background-attachment":"scroll","background-type":"","background-media":"","overlay-type":"","overlay-color":"","overlay-opacity":"","overlay-gradient":""}},"footnotes":""},"class_list":["post-1723","page","type-page","status-publish","hentry"],"_links":{"self":[{"href":"https:\/\/www.infoviendoporelmundoac.com\/en\/wp-json\/wp\/v2\/pages\/1723","targetHints":{"allow":["GET"]}}],"collection":[{"href":"https:\/\/www.infoviendoporelmundoac.com\/en\/wp-json\/wp\/v2\/pages"}],"about":[{"href":"https:\/\/www.infoviendoporelmundoac.com\/en\/wp-json\/wp\/v2\/types\/page"}],"author":[{"embeddable":true,"href":"https:\/\/www.infoviendoporelmundoac.com\/en\/wp-json\/wp\/v2\/users\/1"}],"replies":[{"embeddable":true,"href":"https:\/\/www.infoviendoporelmundoac.com\/en\/wp-json\/wp\/v2\/comments?post=1723"}],"version-history":[{"count":4,"href":"https:\/\/www.infoviendoporelmundoac.com\/en\/wp-json\/wp\/v2\/pages\/1723\/revisions"}],"predecessor-version":[{"id":2472,"href":"https:\/\/www.infoviendoporelmundoac.com\/en\/wp-json\/wp\/v2\/pages\/1723\/revisions\/2472"}],"wp:attachment":[{"href":"https:\/\/www.infoviendoporelmundoac.com\/en\/wp-json\/wp\/v2\/media?parent=1723"}],"curies":[{"name":"wp","href":"https:\/\/api.w.org\/{rel}","templated":true}]}}