{"id":1730,"date":"2025-05-13T21:19:08","date_gmt":"2025-05-14T03:19:08","guid":{"rendered":"https:\/\/www.infoviendoporelmundoac.com\/?page_id=1730"},"modified":"2026-01-12T12:22:24","modified_gmt":"2026-01-12T18:22:24","slug":"polonia","status":"publish","type":"page","link":"https:\/\/www.infoviendoporelmundoac.com\/en\/polonia\/","title":{"rendered":"Poland"},"content":{"rendered":"<div class=\"wp-block-columns is-layout-flex wp-container-core-columns-is-layout-28f84493 wp-block-columns-is-layout-flex\">\n<div class=\"wp-block-column is-layout-flow wp-block-column-is-layout-flow\">\n<ul class=\"wp-block-list\">\n<li>Dolno\u015bl\u0105skie<\/li>\n\n\n\n<li>Kujawsko-Pomorskie<\/li>\n\n\n\n<li>\u015al\u0105skie<\/li>\n\n\n\n<li>Wielkopolskie<\/li>\n<\/ul>\n<\/div>\n\n\n\n<div class=\"wp-block-column is-layout-flow wp-block-column-is-layout-flow\"><\/div>\n\n\n\n<div class=\"wp-block-column is-layout-flow wp-block-column-is-layout-flow\"><\/div>\n<\/div>\n\n\n\n<hr class=\"wp-block-separator has-alpha-channel-opacity is-style-wide\"\/>\n\n\n\n<h2 class=\"wp-block-heading\">Dolno\u015bl\u0105skie<\/h2>\n\n\n\n<div class=\"wp-block-columns is-layout-flex wp-container-core-columns-is-layout-28f84493 wp-block-columns-is-layout-flex\">\n<div class=\"wp-block-column is-layout-flow wp-block-column-is-layout-flow\">\n<figure class=\"wp-block-image alignleft size-full is-resized\"><a href=\"tel:4491088590\"><img decoding=\"async\" src=\"https:\/\/viendoporelmundoac.com\/wp-content\/uploads\/2022\/04\/precertificado.jpg\" alt=\"\" class=\"wp-image-602\" style=\"width:244px;height:auto\"\/><\/a><figcaption class=\"wp-element-caption\"><strong>Dorota Szczepa\u0144ska<br><\/strong><em>Instructor<\/em><br><em>Estado:&nbsp;<strong>&#8211;<\/strong><\/em><br><em>Ciudad:&nbsp;<\/em><strong><em><strong>Dolno\u015bl\u0105skie<\/strong><\/em><\/strong><br><em>Tel\u00e9fono:&nbsp;<strong><a href=\"tel:48509 704 910\">48509 704 910<\/a><\/strong><\/em><br><em>Correo:&nbsp;<strong><a href=\"mailto:dorota@anqa.com.pl\">dorota@anqa.com.pl<\/a><\/strong><\/em><br><em>Registro:&nbsp;<strong>I01857<\/strong><\/em><\/figcaption><\/figure>\n<\/div>\n\n\n\n<div class=\"wp-block-column is-layout-flow wp-block-column-is-layout-flow\"><\/div>\n\n\n\n<div class=\"wp-block-column is-layout-flow wp-block-column-is-layout-flow\"><\/div>\n<\/div>\n\n\n\n<hr class=\"wp-block-separator has-alpha-channel-opacity is-style-wide\"\/>\n\n\n\n<h2 class=\"wp-block-heading\">Kujawsko-Pomorskie<\/h2>\n\n\n\n<div class=\"wp-block-columns is-layout-flex wp-container-core-columns-is-layout-28f84493 wp-block-columns-is-layout-flex\">\n<div class=\"wp-block-column is-layout-flow wp-block-column-is-layout-flow\"><\/div>\n\n\n\n<div class=\"wp-block-column is-layout-flow wp-block-column-is-layout-flow\"><\/div>\n\n\n\n<div class=\"wp-block-column is-layout-flow wp-block-column-is-layout-flow\"><\/div>\n<\/div>\n\n\n\n<hr class=\"wp-block-separator has-alpha-channel-opacity is-style-wide\"\/>\n\n\n\n<h2 class=\"wp-block-heading\">\u015al\u0105skie<\/h2>\n\n\n\n<div class=\"wp-block-columns is-layout-flex wp-container-core-columns-is-layout-28f84493 wp-block-columns-is-layout-flex\">\n<div class=\"wp-block-column is-layout-flow wp-block-column-is-layout-flow\">\n<figure class=\"wp-block-image size-full\"><img decoding=\"async\" src=\"https:\/\/viendoporelmundoac.com\/wp-content\/uploads\/2022\/04\/certificado.jpg\" alt=\"\" class=\"wp-image-597\"\/><figcaption class=\"wp-element-caption\"><strong><strong>Alicja Maria Przyby\u0142a<\/strong><\/strong><br><em>Instructor<\/em><br><em>Estado:&nbsp;<strong><em><strong>&#8211;<\/strong><\/em><\/strong><\/em><br><em>Ciudad:&nbsp;<strong> <strong>\u015al\u0105ski<em><strong>e<\/strong><\/em><\/strong><\/strong><\/em><br><em>Tel\u00e9fono:&nbsp;<strong><a href=\"tel:48503013948\"><em><strong><\/strong><\/em><\/a><em><strong><a href=\"tel:48503013948\">48503013948<\/a><\/strong><\/em><\/strong><\/em><br><em>Correo:&nbsp;<strong><a href=\"mailto:instructorveo@gmail.com\"><\/a><\/strong><\/em><strong><em><em><strong><a href=\"mailto:Alicjaprzybyla17@gmail.com\">Alicjaprzybyla17@gmail.com<\/a><\/strong><\/em><\/em><\/strong><br><em>Registro:&nbsp;<strong>I01854<\/strong><\/em><\/figcaption><\/figure>\n<\/div>\n\n\n\n<div class=\"wp-block-column is-layout-flow wp-block-column-is-layout-flow\"><\/div>\n\n\n\n<div class=\"wp-block-column is-layout-flow wp-block-column-is-layout-flow\"><\/div>\n<\/div>\n\n\n\n<hr class=\"wp-block-separator has-alpha-channel-opacity is-style-wide\"\/>\n\n\n\n<h2 class=\"wp-block-heading\">Wielkopolskie<\/h2>\n\n\n\n<div class=\"wp-block-columns is-layout-flex wp-container-core-columns-is-layout-28f84493 wp-block-columns-is-layout-flex\">\n<div class=\"wp-block-column is-layout-flow wp-block-column-is-layout-flow\">\n<figure class=\"wp-block-image alignleft size-full is-resized\"><a href=\"tel:4491088590\"><img decoding=\"async\" src=\"https:\/\/viendoporelmundoac.com\/wp-content\/uploads\/2022\/04\/precertificado.jpg\" alt=\"\" class=\"wp-image-602\" style=\"width:242px;height:auto\"\/><\/a><figcaption class=\"wp-element-caption\"><strong>Jolanta Bunk<br><\/strong><em>Instructor<\/em><br><em>Estado:&nbsp;<strong>&#8211;<\/strong><\/em><br><em>Ciudad:<\/em> <strong>Wielkopolskie<\/strong><br><em>Tel\u00e9fono:&nbsp;<strong><a href=\"tel:48509445939\">48509445939<\/a><\/strong><\/em><br><em>Correo:&nbsp;<strong><a href=\"mailto:bunk.szkolka@wp.pl\">bunk.szkolka@wp.pl<\/a><\/strong><\/em><br><em>Registro:&nbsp;<strong>I01856<\/strong><\/em><\/figcaption><\/figure>\n<\/div>\n\n\n\n<div class=\"wp-block-column is-layout-flow wp-block-column-is-layout-flow\"><\/div>\n\n\n\n<div class=\"wp-block-column is-layout-flow wp-block-column-is-layout-flow\"><\/div>\n<\/div>","protected":false},"excerpt":{"rendered":"<p>Dolno\u015bl\u0105skie Kujawsko-Pomorskie \u015al\u0105skie Wielkopolskie<\/p>","protected":false},"author":1,"featured_media":0,"parent":0,"menu_order":0,"comment_status":"closed","ping_status":"closed","template":"","meta":{"site-sidebar-layout":"default","site-content-layout":"","ast-site-content-layout":"default","site-content-style":"default","site-sidebar-style":"default","ast-global-header-display":"","ast-banner-title-visibility":"","ast-main-header-display":"","ast-hfb-above-header-display":"","ast-hfb-below-header-display":"","ast-hfb-mobile-header-display":"","site-post-title":"","ast-breadcrumbs-content":"","ast-featured-img":"","footer-sml-layout":"","theme-transparent-header-meta":"","adv-header-id-meta":"","stick-header-meta":"","header-above-stick-meta":"","header-main-stick-meta":"","header-below-stick-meta":"","astra-migrate-meta-layouts":"set","ast-page-background-enabled":"default","ast-page-background-meta":{"desktop":{"background-color":"var(--ast-global-color-4)","background-image":"","background-repeat":"repeat","background-position":"center center","background-size":"auto","background-attachment":"scroll","background-type":"","background-media":"","overlay-type":"","overlay-color":"","overlay-opacity":"","overlay-gradient":""},"tablet":{"background-color":"","background-image":"","background-repeat":"repeat","background-position":"center center","background-size":"auto","background-attachment":"scroll","background-type":"","background-media":"","overlay-type":"","overlay-color":"","overlay-opacity":"","overlay-gradient":""},"mobile":{"background-color":"","background-image":"","background-repeat":"repeat","background-position":"center center","background-size":"auto","background-attachment":"scroll","background-type":"","background-media":"","overlay-type":"","overlay-color":"","overlay-opacity":"","overlay-gradient":""}},"ast-content-background-meta":{"desktop":{"background-color":"var(--ast-global-color-5)","background-image":"","background-repeat":"repeat","background-position":"center center","background-size":"auto","background-attachment":"scroll","background-type":"","background-media":"","overlay-type":"","overlay-color":"","overlay-opacity":"","overlay-gradient":""},"tablet":{"background-color":"var(--ast-global-color-5)","background-image":"","background-repeat":"repeat","background-position":"center center","background-size":"auto","background-attachment":"scroll","background-type":"","background-media":"","overlay-type":"","overlay-color":"","overlay-opacity":"","overlay-gradient":""},"mobile":{"background-color":"var(--ast-global-color-5)","background-image":"","background-repeat":"repeat","background-position":"center center","background-size":"auto","background-attachment":"scroll","background-type":"","background-media":"","overlay-type":"","overlay-color":"","overlay-opacity":"","overlay-gradient":""}},"footnotes":""},"class_list":["post-1730","page","type-page","status-publish","hentry"],"_links":{"self":[{"href":"https:\/\/www.infoviendoporelmundoac.com\/en\/wp-json\/wp\/v2\/pages\/1730","targetHints":{"allow":["GET"]}}],"collection":[{"href":"https:\/\/www.infoviendoporelmundoac.com\/en\/wp-json\/wp\/v2\/pages"}],"about":[{"href":"https:\/\/www.infoviendoporelmundoac.com\/en\/wp-json\/wp\/v2\/types\/page"}],"author":[{"embeddable":true,"href":"https:\/\/www.infoviendoporelmundoac.com\/en\/wp-json\/wp\/v2\/users\/1"}],"replies":[{"embeddable":true,"href":"https:\/\/www.infoviendoporelmundoac.com\/en\/wp-json\/wp\/v2\/comments?post=1730"}],"version-history":[{"count":4,"href":"https:\/\/www.infoviendoporelmundoac.com\/en\/wp-json\/wp\/v2\/pages\/1730\/revisions"}],"predecessor-version":[{"id":2598,"href":"https:\/\/www.infoviendoporelmundoac.com\/en\/wp-json\/wp\/v2\/pages\/1730\/revisions\/2598"}],"wp:attachment":[{"href":"https:\/\/www.infoviendoporelmundoac.com\/en\/wp-json\/wp\/v2\/media?parent=1730"}],"curies":[{"name":"wp","href":"https:\/\/api.w.org\/{rel}","templated":true}]}}